{"id":82,"date":"2016-08-31T18:53:34","date_gmt":"2016-08-31T18:53:34","guid":{"rendered":"http:\/\/fausac.gt\/?page_id=82"},"modified":"2019-03-01T16:29:41","modified_gmt":"2019-03-01T22:29:41","slug":"principios","status":"publish","type":"page","link":"http:\/\/fausac.gt\/?page_id=82","title":{"rendered":"Principios y Objetivos"},"content":{"rendered":"\n\t\t\t\t<div class=\"mr_social_sharing_wrapper\">\n\t\t\t\t<!-- Social Sharing Toolkit v2.2 --><span class=\"mr_social_sharing\"><fb:share-button type=\"button\" href=\"http:\/\/fausac.gt\/?page_id=82\"><\/fb:share-button><\/span><span class=\"mr_social_sharing\"><a rel=\"nofollow\" class=\"linksalpha_button linksalpha_link\" href=\"\/\/www.linksalpha.com\/social\/mobile\" data-url=\"http:\/\/fausac.gt\/?page_id=82\" data-text=\"Principios y Objetivos\" data-desc=\"Principios Ser un centro superior y avance de las ciencias agron\u00f3micas, propiciando el desarrollo de tecnolog\u00eda apropiada para el manejo y uso sostenible de los recursos naturales renovables y los sistemas de producci\u00f3n agr\u00edcola. Desarrollar las ciencias agron\u00f3micas: generando y promoviendo el\" data-image=\"\" data-button=\"none\">\n\t\t\t\t\t<img src=\"\/\/www.linksalpha.com\/images\/social_share_button.png\" alt=\"Share\" class=\"linksalpha_image\" \/>\n\t\t\t\t\t<\/a><script type=\"text\/javascript\" src=\"\/\/www.linksalpha.com\/scripts\/loader_iconbox.js?v=2.4\"><\/script><\/span><\/div><h3> Principios<\/h3>\n<ul>\n<li>Ser un centro superior y avance de las ciencias agron\u00f3micas, propiciando el desarrollo de tecnolog\u00eda apropiada para el manejo y uso sostenible de los recursos naturales renovables y los sistemas de producci\u00f3n agr\u00edcola.<\/li>\n<li>Desarrollar las ciencias agron\u00f3micas: generando y promoviendo el conocimiento cient\u00edfico de procesos y fen\u00f3menos de la naturaleza y la sociedad, vinculados con el campo agron\u00f3mico.<\/li>\n<li>Formar profesionales de excelencia acad\u00e9mica.<\/li>\n<li>Orientar su acci\u00f3n a todos los sectores involucrados en los sistemas de producci\u00f3n agr\u00edcola y los recursos naturales renovables, contribuyendo a su desarrollo.<\/li>\n<li>Vincularse con todos los sectores que participan en la agricultura, propiciando el trabajo conjunto con los productores, a fin de conocer su realidad y realizar aplicaciones pr\u00e1cticas de las ciencias agron\u00f3micas que permitan mejorar el manejo de<br \/>\nlos recursos naturales revocables y la producci\u00f3n agr\u00edcola en forma sostenible.<\/li>\n<li>Desarrollar todas sus acciones acad\u00e9micas y administrativas; de manera que se alcancen los objetivos y se optimice el uso de los recursos<\/li>\n<\/ul>\n<h3> Objetivos<\/h3>\n<ul>\n<li>Contribuir al desarrollo sostenible en la producci\u00f3n agr\u00edcola y en el manejo de los recursos naturales renovables del pa\u00eds, con la finalidad de elevar la calidad de vida de los guatemaltecos.<\/li>\n<li>Generar, conservar y divulgar conocimiento cient\u00edfico-tecnol\u00f3gico para el avance de la ciencia agron\u00f3mica.<\/li>\n<li>Formar capital humano a nivel de educaci\u00f3n superior universitaria en producci\u00f3n agr\u00edcola y en el manejo de recursos naturales renovables, obteniendo una formaci\u00f3n profesional integral que le permita desempe\u00f1arse dentro de la sociedad con<br \/>\neficiencia, responsabilidad, \u00e9tica y respeto a la naturaleza.<\/li>\n<li>Vincularse permanentemente con los sectores involucrados en la actividad agr\u00edcola y el manejo de los recursos naturales renovables, con el fin de contribuir al desarrollo de programas de trabajo nacionales e internacionales.<\/li>\n<\/ul>\n","protected":false},"excerpt":{"rendered":"\n\t\t\t\t<div class=\"mr_social_sharing_wrapper\">\n\t\t\t\t<!-- Social Sharing Toolkit v2.2 --><span class=\"mr_social_sharing\"><fb:share-button type=\"button\" href=\"http:\/\/fausac.gt\/?page_id=82\"><\/fb:share-button><\/span><span class=\"mr_social_sharing\"><a rel=\"nofollow\" class=\"linksalpha_button linksalpha_link\" href=\"\/\/www.linksalpha.com\/social\/mobile\" data-url=\"http:\/\/fausac.gt\/?page_id=82\" data-text=\"Principios y Objetivos\" data-desc=\"Principios Ser un centro superior y avance de las ciencias agron\u00f3micas, propiciando el desarrollo de tecnolog\u00eda apropiada para el manejo y uso sostenible de los recursos naturales renovables y los sistemas de producci\u00f3n agr\u00edcola. Desarrollar las ciencias agron\u00f3micas: generando y promoviendo el\" data-image=\"\" data-button=\"none\">\n\t\t\t\t\t<img src=\"\/\/www.linksalpha.com\/images\/social_share_button.png\" alt=\"Share\" class=\"linksalpha_image\" \/>\n\t\t\t\t\t<\/a><script type=\"text\/javascript\" src=\"\/\/www.linksalpha.com\/scripts\/loader_iconbox.js?v=2.4\"><\/script><\/span><\/div><p>Principios Ser un centro superior y avance de las ciencias agron\u00f3micas, propiciando el desarrollo de tecnolog\u00eda apropiada para el manejo y uso sostenible de los recursos naturales renovables y los sistemas de producci\u00f3n agr\u00edcola. Desarrollar las ciencias agron\u00f3micas: generando y promoviendo el conocimiento cient\u00edfico de procesos y fen\u00f3menos de la naturaleza y la sociedad, vinculados<\/p>\n","protected":false},"author":1,"featured_media":0,"parent":0,"menu_order":0,"comment_status":"closed","ping_status":"closed","template":"page-template-full.php","meta":[],"_links":{"self":[{"href":"http:\/\/fausac.gt\/index.php?rest_route=\/wp\/v2\/pages\/82"}],"collection":[{"href":"http:\/\/fausac.gt\/index.php?rest_route=\/wp\/v2\/pages"}],"about":[{"href":"http:\/\/fausac.gt\/index.php?rest_route=\/wp\/v2\/types\/page"}],"author":[{"embeddable":true,"href":"http:\/\/fausac.gt\/index.php?rest_route=\/wp\/v2\/users\/1"}],"replies":[{"embeddable":true,"href":"http:\/\/fausac.gt\/index.php?rest_route=%2Fwp%2Fv2%2Fcomments&post=82"}],"version-history":[{"count":6,"href":"http:\/\/fausac.gt\/index.php?rest_route=\/wp\/v2\/pages\/82\/revisions"}],"predecessor-version":[{"id":701,"href":"http:\/\/fausac.gt\/index.php?rest_route=\/wp\/v2\/pages\/82\/revisions\/701"}],"wp:attachment":[{"href":"http:\/\/fausac.gt\/index.php?rest_route=%2Fwp%2Fv2%2Fmedia&parent=82"}],"curies":[{"name":"wp","href":"https:\/\/api.w.org\/{rel}","templated":true}]}}