{"id":731,"date":"2019-03-01T16:55:26","date_gmt":"2019-03-01T22:55:26","guid":{"rendered":"http:\/\/fausac.gt\/?page_id=731"},"modified":"2019-03-01T16:57:55","modified_gmt":"2019-03-01T22:57:55","slug":"gestion-ambiental-local","status":"publish","type":"page","link":"http:\/\/fausac.gt\/?page_id=731","title":{"rendered":"Gesti\u00f3n Ambiental Local"},"content":{"rendered":"\n\t\t\t\t<div class=\"mr_social_sharing_wrapper\">\n\t\t\t\t<!-- Social Sharing Toolkit v2.2 --><span class=\"mr_social_sharing\"><fb:share-button type=\"button\" href=\"http:\/\/fausac.gt\/?page_id=731\"><\/fb:share-button><\/span><span class=\"mr_social_sharing\"><a rel=\"nofollow\" class=\"linksalpha_button linksalpha_link\" href=\"\/\/www.linksalpha.com\/social\/mobile\" data-url=\"http:\/\/fausac.gt\/?page_id=731\" data-text=\"Gesti\u00f3n Ambiental Local\" data-desc=\"Profesional con capacidad de formular y promover pol\u00edticas, estrategias y planes en el \u00e1rea ambiental. La carrera de Ingenier\u00eda en Gesti\u00f3n Ambiental Local se centra en la gesti\u00f3n ambiental principalmente a nivel de municipio. Dicha gesti\u00f3n es un proceso orientado a administrar eficientemente\" data-image=\"http:\/\/fausac.gt\/wp-content\/uploads\/2019\/03\/Selecci\u00f3n_294-1.png\" data-button=\"none\">\n\t\t\t\t\t<img src=\"\/\/www.linksalpha.com\/images\/social_share_button.png\" alt=\"Share\" class=\"linksalpha_image\" \/>\n\t\t\t\t\t<\/a><script type=\"text\/javascript\" src=\"\/\/www.linksalpha.com\/scripts\/loader_iconbox.js?v=2.4\"><\/script><\/span><\/div>\n<div class=\"wp-block-image\"><figure class=\"aligncenter is-resized\"><img decoding=\"async\" loading=\"lazy\" src=\"http:\/\/fausac.gt\/wp-content\/uploads\/2019\/03\/Selecci\u00f3n_294-1.png\" alt=\"\" class=\"wp-image-735\" width=\"238\" height=\"188\" srcset=\"http:\/\/fausac.gt\/wp-content\/uploads\/2019\/03\/Selecci\u00f3n_294-1.png 348w, http:\/\/fausac.gt\/wp-content\/uploads\/2019\/03\/Selecci\u00f3n_294-1-300x237.png 300w\" sizes=\"(max-width: 238px) 100vw, 238px\" \/><\/figure><\/div>\n\n\n\n<p><p align=\"justify\">Profesional con capacidad de formular y promover pol\u00edticas, estrategias y planes en el \u00e1rea ambiental. La carrera de Ingenier\u00eda en Gesti\u00f3n Ambiental Local se centra en la gesti\u00f3n ambiental principalmente a nivel de municipio.  Dicha gesti\u00f3n es un proceso orientado a administrar eficientemente el ambiente a nivel local, a trav\u00e9s de su protecci\u00f3n, manejo, mejoramiento y recuperaci\u00f3n, con un enfoque de desarrollo territorial, participativo y sostenible. <br><br> Al finalizar la carrera de Ingeniero(a) Agr\u00f3nomo(a) en Gesti\u00f3n Ambiental Local GAL, el egresado estar\u00e1 en capacidad de comprender :<\/p><\/p>\n\n\n\n<ul><li> Dise\u00f1ar e implementar instrumentos para la capacitaci\u00f3n, concienciaci\u00f3n y sensibilizaci\u00f3n sobre el manejo del ambiente.<\/li><li>Preparar,\n analizar, interpretar y ejecutar diagn\u00f3sticos, evaluaciones de riesgo, \nauditorias, monitoreo y otros instrumentos de gesti\u00f3n ambiental.<\/li><li>Elaborar planes y proyectos de ordenamiento y reordenamiento territorial con auxilio de los sistemas de informaci\u00f3n geogr\u00e1fica.<\/li><li>Asesorar\n a organizaciones de diversos tipos sobre los impactos ambientales que \nproducen los proyectos de inversi\u00f3n y la aplicaci\u00f3n de medidas de \nmitigaci\u00f3n correspondientes.<\/li><\/ul>\n","protected":false},"excerpt":{"rendered":"\n\t\t\t\t<div class=\"mr_social_sharing_wrapper\">\n\t\t\t\t<!-- Social Sharing Toolkit v2.2 --><span class=\"mr_social_sharing\"><fb:share-button type=\"button\" href=\"http:\/\/fausac.gt\/?page_id=731\"><\/fb:share-button><\/span><span class=\"mr_social_sharing\"><a rel=\"nofollow\" class=\"linksalpha_button linksalpha_link\" href=\"\/\/www.linksalpha.com\/social\/mobile\" data-url=\"http:\/\/fausac.gt\/?page_id=731\" data-text=\"Gesti\u00f3n Ambiental Local\" data-desc=\"Profesional con capacidad de formular y promover pol\u00edticas, estrategias y planes en el \u00e1rea ambiental. La carrera de Ingenier\u00eda en Gesti\u00f3n Ambiental Local se centra en la gesti\u00f3n ambiental principalmente a nivel de municipio. Dicha gesti\u00f3n es un proceso orientado a administrar eficientemente\" data-image=\"\" data-button=\"none\">\n\t\t\t\t\t<img src=\"\/\/www.linksalpha.com\/images\/social_share_button.png\" alt=\"Share\" class=\"linksalpha_image\" \/>\n\t\t\t\t\t<\/a><script type=\"text\/javascript\" src=\"\/\/www.linksalpha.com\/scripts\/loader_iconbox.js?v=2.4\"><\/script><\/span><\/div><p>Profesional con capacidad de formular y promover pol\u00edticas, estrategias y planes en el \u00e1rea ambiental. La carrera de Ingenier\u00eda en Gesti\u00f3n Ambiental Local se centra en la gesti\u00f3n ambiental principalmente a nivel de municipio. Dicha gesti\u00f3n es un proceso orientado a administrar eficientemente el ambiente a nivel local, a trav\u00e9s de su protecci\u00f3n, manejo, mejoramiento<\/p>\n","protected":false},"author":1,"featured_media":0,"parent":0,"menu_order":0,"comment_status":"closed","ping_status":"closed","template":"page-template-full.php","meta":[],"_links":{"self":[{"href":"http:\/\/fausac.gt\/index.php?rest_route=\/wp\/v2\/pages\/731"}],"collection":[{"href":"http:\/\/fausac.gt\/index.php?rest_route=\/wp\/v2\/pages"}],"about":[{"href":"http:\/\/fausac.gt\/index.php?rest_route=\/wp\/v2\/types\/page"}],"author":[{"embeddable":true,"href":"http:\/\/fausac.gt\/index.php?rest_route=\/wp\/v2\/users\/1"}],"replies":[{"embeddable":true,"href":"http:\/\/fausac.gt\/index.php?rest_route=%2Fwp%2Fv2%2Fcomments&post=731"}],"version-history":[{"count":4,"href":"http:\/\/fausac.gt\/index.php?rest_route=\/wp\/v2\/pages\/731\/revisions"}],"predecessor-version":[{"id":737,"href":"http:\/\/fausac.gt\/index.php?rest_route=\/wp\/v2\/pages\/731\/revisions\/737"}],"wp:attachment":[{"href":"http:\/\/fausac.gt\/index.php?rest_route=%2Fwp%2Fv2%2Fmedia&parent=731"}],"curies":[{"name":"wp","href":"https:\/\/api.w.org\/{rel}","templated":true}]}}