{"id":71,"date":"2016-08-31T18:19:28","date_gmt":"2016-08-31T18:19:28","guid":{"rendered":"http:\/\/fausac.gt\/?page_id=71"},"modified":"2019-03-01T16:25:58","modified_gmt":"2019-03-01T22:25:58","slug":"valores","status":"publish","type":"page","link":"http:\/\/fausac.gt\/?page_id=71","title":{"rendered":"Valores y Competencias"},"content":{"rendered":"\n\t\t\t\t<div class=\"mr_social_sharing_wrapper\">\n\t\t\t\t<!-- Social Sharing Toolkit v2.2 --><span class=\"mr_social_sharing\"><fb:share-button type=\"button\" href=\"http:\/\/fausac.gt\/?page_id=71\"><\/fb:share-button><\/span><span class=\"mr_social_sharing\"><a rel=\"nofollow\" class=\"linksalpha_button linksalpha_link\" href=\"\/\/www.linksalpha.com\/social\/mobile\" data-url=\"http:\/\/fausac.gt\/?page_id=71\" data-text=\"Valores y Competencias\" data-desc=\"Valores Conjunto de normas de conducta que deben prevalecer en las acciones que ejecuta cada miembro de la Facultad de Agronom\u00eda, tanto de manera personal como institucional. \u00c9tica: cumplimiento del conjunto de valores establecidos: Justicia, Responsabilidad, Identidad, Solidaridad y\" data-image=\"\" data-button=\"none\">\n\t\t\t\t\t<img src=\"\/\/www.linksalpha.com\/images\/social_share_button.png\" alt=\"Share\" class=\"linksalpha_image\" \/>\n\t\t\t\t\t<\/a><script type=\"text\/javascript\" src=\"\/\/www.linksalpha.com\/scripts\/loader_iconbox.js?v=2.4\"><\/script><\/span><\/div>\n<h3>Valores<\/h3>\n<p style=\"text-align: justify;\">Conjunto de normas de conducta que deben prevalecer en las acciones que ejecuta cada miembro de la Facultad de Agronom\u00eda, tanto de manera personal como institucional.<\/p>\n<td style=\"width: 48%;\">\n<p style=\"text-align: justify;\"><strong>\u00c9tica<\/strong>: cumplimiento del conjunto de valores establecidos: Justicia, Responsabilidad, Identidad, Solidaridad y Honestidad.<br \/><strong>Justicia<\/strong>: Manifestar trato equitativo en la toma de decisiones.<br \/><strong>Responsabilidad<\/strong>: Cumplimiento de las atribuciones y convicciones.\n<p style=\"text-align: justify;\">\n<strong>Solidaridad<\/strong>: Identificarse con los intereses institucionales y las necesidades sociales.<br \/><strong>Identidad<\/strong>: Orgullo por ser parte de la Instituci\u00f3n.<br \/><strong>Honestidad<\/strong>. Actuar en base a los valores establecidos.<\/p>\n<h3>Competencias<\/h3>\n<p style=\"text-align: justify;\"><strong>Liderazgo<\/strong>: Capacidad de motivar a otros a alcanzar objetivos comunes.<br \/><strong>Efectividad<\/strong>: Alcanzar los objetivos comunes.<br \/><strong>Trabajo en equipo<\/strong>: Capacidad de interactuar en forma conjunta con otros compa\u00f1eros en el cumplimiento de los objetivos.\n<\/p>\n<p style=\"text-align: justify;\">\n<strong>Comprensi\u00f3n del entorno<\/strong>: Conocimiento de la problem\u00e1tica nacional y participaci\u00f3n activa en la soluci\u00f3n de la misma.<br \/><strong>Calidad<\/strong>: Cumplimiento de est\u00e1ndares a trav\u00e9s de mejoramiento contin\u00fao.<br \/><strong> Responsabilidad Social<\/strong>: Buscar que las soluciones a implementar sean de beneficio colectivo.<\/p>\n\n\n\n<p><\/p>\n","protected":false},"excerpt":{"rendered":"\n\t\t\t\t<div class=\"mr_social_sharing_wrapper\">\n\t\t\t\t<!-- Social Sharing Toolkit v2.2 --><span class=\"mr_social_sharing\"><fb:share-button type=\"button\" href=\"http:\/\/fausac.gt\/?page_id=71\"><\/fb:share-button><\/span><span class=\"mr_social_sharing\"><a rel=\"nofollow\" class=\"linksalpha_button linksalpha_link\" href=\"\/\/www.linksalpha.com\/social\/mobile\" data-url=\"http:\/\/fausac.gt\/?page_id=71\" data-text=\"Valores y Competencias\" data-desc=\"Valores Conjunto de normas de conducta que deben prevalecer en las acciones que ejecuta cada miembro de la Facultad de Agronom\u00eda, tanto de manera personal como institucional. \u00c9tica: cumplimiento del conjunto de valores establecidos: Justicia, Responsabilidad, Identidad, Solidaridad y\" data-image=\"\" data-button=\"none\">\n\t\t\t\t\t<img src=\"\/\/www.linksalpha.com\/images\/social_share_button.png\" alt=\"Share\" class=\"linksalpha_image\" \/>\n\t\t\t\t\t<\/a><script type=\"text\/javascript\" src=\"\/\/www.linksalpha.com\/scripts\/loader_iconbox.js?v=2.4\"><\/script><\/span><\/div><p>Valores Conjunto de normas de conducta que deben prevalecer en las acciones que ejecuta cada miembro de la Facultad de Agronom\u00eda, tanto de manera personal como institucional. \u00c9tica: cumplimiento del conjunto de valores establecidos: Justicia, Responsabilidad, Identidad, Solidaridad y Honestidad.Justicia: Manifestar trato equitativo en la toma de decisiones.Responsabilidad: Cumplimiento de las atribuciones y convicciones. Solidaridad:<\/p>\n","protected":false},"author":1,"featured_media":0,"parent":0,"menu_order":0,"comment_status":"closed","ping_status":"closed","template":"page-template-full.php","meta":[],"_links":{"self":[{"href":"http:\/\/fausac.gt\/index.php?rest_route=\/wp\/v2\/pages\/71"}],"collection":[{"href":"http:\/\/fausac.gt\/index.php?rest_route=\/wp\/v2\/pages"}],"about":[{"href":"http:\/\/fausac.gt\/index.php?rest_route=\/wp\/v2\/types\/page"}],"author":[{"embeddable":true,"href":"http:\/\/fausac.gt\/index.php?rest_route=\/wp\/v2\/users\/1"}],"replies":[{"embeddable":true,"href":"http:\/\/fausac.gt\/index.php?rest_route=%2Fwp%2Fv2%2Fcomments&post=71"}],"version-history":[{"count":9,"href":"http:\/\/fausac.gt\/index.php?rest_route=\/wp\/v2\/pages\/71\/revisions"}],"predecessor-version":[{"id":696,"href":"http:\/\/fausac.gt\/index.php?rest_route=\/wp\/v2\/pages\/71\/revisions\/696"}],"wp:attachment":[{"href":"http:\/\/fausac.gt\/index.php?rest_route=%2Fwp%2Fv2%2Fmedia&parent=71"}],"curies":[{"name":"wp","href":"https:\/\/api.w.org\/{rel}","templated":true}]}}