{"id":592,"date":"2018-06-15T17:52:48","date_gmt":"2018-06-15T23:52:48","guid":{"rendered":"http:\/\/fausac.gt\/?page_id=592"},"modified":"2019-07-04T13:29:57","modified_gmt":"2019-07-04T19:29:57","slug":"monitoreo-social-del-paffec","status":"publish","type":"page","link":"http:\/\/fausac.gt\/?page_id=592","title":{"rendered":"Monitoreo Social del PAFFEC"},"content":{"rendered":"\n\t\t\t\t<div class=\"mr_social_sharing_wrapper\">\n\t\t\t\t<!-- Social Sharing Toolkit v2.2 --><span class=\"mr_social_sharing\"><fb:share-button type=\"button\" href=\"http:\/\/fausac.gt\/?page_id=592\"><\/fb:share-button><\/span><span class=\"mr_social_sharing\"><a rel=\"nofollow\" class=\"linksalpha_button linksalpha_link\" href=\"\/\/www.linksalpha.com\/social\/mobile\" data-url=\"http:\/\/fausac.gt\/?page_id=592\" data-text=\"Monitoreo Social del PAFFEC\" data-desc=\"La Universidad de San Carlos y la Delegaci\u00f3n de la Uni\u00f3n Europea en Guatemala, suscribieron en el mes de noviembre de 2017 un Contrato de servicios para el Monitoreo Social del Programa de Apoyo Presupuestario al Programa de Agricultura Familiar para el Fortalecimiento de la Econom\u00eda Campesina en\" data-image=\"http:\/\/fausac.gt\/wp-content\/uploads\/2019\/07\/Resumenes-1.png\" data-button=\"none\">\n\t\t\t\t\t<img src=\"\/\/www.linksalpha.com\/images\/social_share_button.png\" alt=\"Share\" class=\"linksalpha_image\" \/>\n\t\t\t\t\t<\/a><script type=\"text\/javascript\" src=\"\/\/www.linksalpha.com\/scripts\/loader_iconbox.js?v=2.4\"><\/script><\/span><\/div><p>La Universidad de San Carlos y la Delegaci\u00f3n de la Uni\u00f3n Europea en Guatemala, suscribieron en el mes de noviembre de 2017 un Contrato de servicios para el Monitoreo Social del Programa de Apoyo Presupuestario al Programa de Agricultura Familiar para el Fortalecimiento de la Econom\u00eda Campesina en Guatemala, (MSPAFFEC).<\/p>\n<p>El prop\u00f3sito del MSPAFFEC es generar y compartir con los distintos actores sociales del pa\u00eds, informaci\u00f3n sistem\u00e1tica, confiable y oportuna sobre las acciones y los resultados que est\u00e1n obteniendo los beneficiaros finales de la Pol\u00edtica Nacional de Desarrollo Rural Integral, PNDRI, la Pol\u00edtica Nacional de Seguridad Alimentaria y Nutricional, POLSAN, del Programa PAFFEC y de la Estrategia Nacional para la Prevenci\u00f3n de la desnutrici\u00f3n cr\u00f3nica, ENPDC.<\/p>\n<p>Durante la vigencia del MSPAFFEC se espera alcanzar los cuatro resultados siguientes:<\/p>\n<ul>\n<li>Resultado 1 (R1) \u201cInformaci\u00f3n generada, analizada y publicada sistem\u00e1ticamente sobre la implementaci\u00f3n de la PNDRI, la POLSAN, del PAFFEC y la ENPDC.\u201d<\/li>\n<li>Resultado 2 (R2) \u201cDebate nacional sobre contexto, puntos de encuentro y propuestas para incidir en la implementaci\u00f3n de las Pol\u00edticas P\u00fablicas relacionadas con el PAFFEC y la ENPDC realizado anualmente\u201d.<\/li>\n<li>Resultado 3 (R3) \u201cLas capacidades organizativas y propositivas de la sociedad civil se han fortalecido con el conocimiento sobre el derecho humano a la alimentaci\u00f3n, la seguridad y la sostenibilidad alimentaria y otros temas pertinentes.\u201d<\/li>\n<li>Resultado&nbsp; 4 (R4): \u201cLos cooperantes y el cuerpo diplom\u00e1tico que trabajan en Guatemala intercambian informaci\u00f3n sobre el di\u00e1logo pol\u00edtico, el apoyo de estrategias para mejorar la implementaci\u00f3n y los resultados de la PNDRI, la POLSAN, el PAFEFEC y la ENPDC.\u201d<\/li>\n<\/ul>\n<p>Cada uno de los resultados tiene un n\u00famero variable de productos por alcanzar, con el concurso de la academia y de organizaciones de la sociedad civil vinculadas con los temas de la Seguridad Alimentaria y Nutricional, la soberan\u00eda alimentaria, la econom\u00eda campesina, el desarrollo rural, el cambio clim\u00e1tico y otros temas.<\/p>\n\n\n<h2 class=\"wp-block-heading\">Biblioteca<\/h2>\n\n\n\n<figure class=\"wp-block-image is-resized\"><img decoding=\"async\" loading=\"lazy\" src=\"http:\/\/fausac.gt\/wp-content\/uploads\/2019\/07\/Resumenes-1.png\" alt=\"\" class=\"wp-image-800\" width=\"180\" height=\"92\" srcset=\"http:\/\/fausac.gt\/wp-content\/uploads\/2019\/07\/Resumenes-1.png 500w, http:\/\/fausac.gt\/wp-content\/uploads\/2019\/07\/Resumenes-1-300x152.png 300w\" sizes=\"(max-width: 180px) 100vw, 180px\" \/><figcaption>&lt;&lt;Descargar>><\/figcaption><\/figure>\n\n\n\n<a href=\"http:\/\/fausac.gt\/?page_id=793\" target=\"blank\" rel=\"noopener noreferrer\"><figure class=\"wp-block-image is-resized\"><img decoding=\"async\" loading=\"lazy\" src=\"http:\/\/fausac.gt\/wp-content\/uploads\/2019\/07\/Investigaciones-1.png\" alt=\"\" class=\"wp-image-803\" width=\"206\" height=\"86\" srcset=\"http:\/\/fausac.gt\/wp-content\/uploads\/2019\/07\/Investigaciones-1.png 600w, http:\/\/fausac.gt\/wp-content\/uploads\/2019\/07\/Investigaciones-1-300x127.png 300w\" sizes=\"(max-width: 206px) 100vw, 206px\" \/><\/a><figcaption><a href=\"https:\/\/drive.google.com\/drive\/folders\/12cyU1pbVcG4q42EDTlsuGLiRdSqHwlKN?usp=sharing\">&lt;&lt;Descargar>><\/a><\/figcaption><\/figure>\n\n\n\n<a href=\"http:\/\/fausac.gt\/?page_id=790\" target=\"blank\" rel=\"noopener noreferrer\"><figure class=\"wp-block-image is-resized\"><img decoding=\"async\" loading=\"lazy\" src=\"http:\/\/fausac.gt\/wp-content\/uploads\/2019\/07\/Linea-Base-1.png\" alt=\"\" class=\"wp-image-802\" width=\"209\" height=\"88\" srcset=\"http:\/\/fausac.gt\/wp-content\/uploads\/2019\/07\/Linea-Base-1.png 600w, http:\/\/fausac.gt\/wp-content\/uploads\/2019\/07\/Linea-Base-1-300x127.png 300w\" sizes=\"(max-width: 209px) 100vw, 209px\" \/><\/a><figcaption><a href=\"https:\/\/drive.google.com\/drive\/folders\/1pRQkVxXaH-vFP-m3gQlIdAnfHtpNOzdb?usp=sharing\">&lt;&lt;Descargar>><\/a><\/figcaption><\/figure><\/a>\n\n\n\n<a href=\"http:\/\/fausac.gt\/?page_id=795\" target=\"blank\" rel=\"noopener noreferrer\"><figure class=\"wp-block-image is-resized\"><img decoding=\"async\" loading=\"lazy\" src=\"http:\/\/fausac.gt\/wp-content\/uploads\/2019\/07\/Nota-de-Analisis-1.png\" alt=\"\" class=\"wp-image-801\" width=\"199\" height=\"83\" srcset=\"http:\/\/fausac.gt\/wp-content\/uploads\/2019\/07\/Nota-de-Analisis-1.png 600w, http:\/\/fausac.gt\/wp-content\/uploads\/2019\/07\/Nota-de-Analisis-1-300x127.png 300w\" sizes=\"(max-width: 199px) 100vw, 199px\" \/><\/a><figcaption><a href=\"https:\/\/drive.google.com\/drive\/folders\/1blgXLVwVRcNlX1DwsnuuwxK1Kurkd45f?usp=sharing\">&lt;&lt;Descargar>><\/a><\/figcaption><\/figure>\n\n\n\n<a href=\"http:\/\/fausac.gt\/?page_id=797\" target=\"blank\" rel=\"noopener noreferrer\"><figure class=\"wp-block-image is-resized\"><img decoding=\"async\" loading=\"lazy\" src=\"http:\/\/fausac.gt\/wp-content\/uploads\/2019\/07\/Comunicacion-1.png\" alt=\"\" class=\"wp-image-804\" width=\"213\" height=\"89\" srcset=\"http:\/\/fausac.gt\/wp-content\/uploads\/2019\/07\/Comunicacion-1.png 600w, http:\/\/fausac.gt\/wp-content\/uploads\/2019\/07\/Comunicacion-1-300x127.png 300w\" sizes=\"(max-width: 213px) 100vw, 213px\" \/><\/a><figcaption><a href=\"https:\/\/drive.google.com\/drive\/folders\/1J9Ll7EnwFOoc5jZIe1mBYYicmcJ1J_Qn?usp=sharing\">&lt;&lt;Descargar>><\/a><\/figcaption><\/figure>\n","protected":false},"excerpt":{"rendered":"\n\t\t\t\t<div class=\"mr_social_sharing_wrapper\">\n\t\t\t\t<!-- Social Sharing Toolkit v2.2 --><span class=\"mr_social_sharing\"><fb:share-button type=\"button\" href=\"http:\/\/fausac.gt\/?page_id=592\"><\/fb:share-button><\/span><span class=\"mr_social_sharing\"><a rel=\"nofollow\" class=\"linksalpha_button linksalpha_link\" href=\"\/\/www.linksalpha.com\/social\/mobile\" data-url=\"http:\/\/fausac.gt\/?page_id=592\" data-text=\"Monitoreo Social del PAFFEC\" data-desc=\"La Universidad de San Carlos y la Delegaci\u00f3n de la Uni\u00f3n Europea en Guatemala, suscribieron en el mes de noviembre de 2017 un Contrato de servicios para el Monitoreo Social del Programa de Apoyo Presupuestario al Programa de Agricultura Familiar para el Fortalecimiento de la Econom\u00eda Campesina en\" data-image=\"\" data-button=\"none\">\n\t\t\t\t\t<img src=\"\/\/www.linksalpha.com\/images\/social_share_button.png\" alt=\"Share\" class=\"linksalpha_image\" \/>\n\t\t\t\t\t<\/a><script type=\"text\/javascript\" src=\"\/\/www.linksalpha.com\/scripts\/loader_iconbox.js?v=2.4\"><\/script><\/span><\/div><p>La Universidad de San Carlos y la Delegaci\u00f3n de la Uni\u00f3n Europea en Guatemala, suscribieron en el mes de noviembre de 2017 un Contrato de servicios para el Monitoreo Social del Programa de Apoyo Presupuestario al Programa de Agricultura Familiar para el Fortalecimiento de la Econom\u00eda Campesina en Guatemala, (MSPAFFEC). El prop\u00f3sito del MSPAFFEC es<\/p>\n","protected":false},"author":1,"featured_media":0,"parent":0,"menu_order":0,"comment_status":"closed","ping_status":"closed","template":"","meta":[],"_links":{"self":[{"href":"http:\/\/fausac.gt\/index.php?rest_route=\/wp\/v2\/pages\/592"}],"collection":[{"href":"http:\/\/fausac.gt\/index.php?rest_route=\/wp\/v2\/pages"}],"about":[{"href":"http:\/\/fausac.gt\/index.php?rest_route=\/wp\/v2\/types\/page"}],"author":[{"embeddable":true,"href":"http:\/\/fausac.gt\/index.php?rest_route=\/wp\/v2\/users\/1"}],"replies":[{"embeddable":true,"href":"http:\/\/fausac.gt\/index.php?rest_route=%2Fwp%2Fv2%2Fcomments&post=592"}],"version-history":[{"count":16,"href":"http:\/\/fausac.gt\/index.php?rest_route=\/wp\/v2\/pages\/592\/revisions"}],"predecessor-version":[{"id":807,"href":"http:\/\/fausac.gt\/index.php?rest_route=\/wp\/v2\/pages\/592\/revisions\/807"}],"wp:attachment":[{"href":"http:\/\/fausac.gt\/index.php?rest_route=%2Fwp%2Fv2%2Fmedia&parent=592"}],"curies":[{"name":"wp","href":"https:\/\/api.w.org\/{rel}","templated":true}]}}