{"id":52,"date":"2016-08-31T17:29:13","date_gmt":"2016-08-31T17:29:13","guid":{"rendered":"http:\/\/fausac.gt\/?page_id=52"},"modified":"2019-03-01T16:27:30","modified_gmt":"2019-03-01T22:27:30","slug":"historia","status":"publish","type":"page","link":"http:\/\/fausac.gt\/?page_id=52","title":{"rendered":"Rese\u00f1a Hist\u00f3rica"},"content":{"rendered":"\n\t\t\t\t<div class=\"mr_social_sharing_wrapper\">\n\t\t\t\t<!-- Social Sharing Toolkit v2.2 --><span class=\"mr_social_sharing\"><fb:share-button type=\"button\" href=\"http:\/\/fausac.gt\/?page_id=52\"><\/fb:share-button><\/span><span class=\"mr_social_sharing\"><a rel=\"nofollow\" class=\"linksalpha_button linksalpha_link\" href=\"\/\/www.linksalpha.com\/social\/mobile\" data-url=\"http:\/\/fausac.gt\/?page_id=52\" data-text=\"Rese\u00f1a Hist\u00f3rica\" data-desc=\"La Facultad de Agronom\u00eda de la Universidad de San Carlos de Guatemala (FAUSAC) fue creada el 14 de junio de 1950, seg\u00fan acuerdo del Consejo Superior Universitario, presidido por el Rector Miguel Asturias Qui\u00f1\u00f3nez, que con el objetivo de propiciar el desarrollo socioecon\u00f3mico de Guatemala\" data-image=\"http:\/\/fausac.gt\/wp-content\/uploads\/2019\/03\/Selecci\u00f3n_289-1024x334.png\" data-button=\"none\">\n\t\t\t\t\t<img src=\"\/\/www.linksalpha.com\/images\/social_share_button.png\" alt=\"Share\" class=\"linksalpha_image\" \/>\n\t\t\t\t\t<\/a><script type=\"text\/javascript\" src=\"\/\/www.linksalpha.com\/scripts\/loader_iconbox.js?v=2.4\"><\/script><\/span><\/div>\n<figure class=\"wp-block-image\"><img decoding=\"async\" loading=\"lazy\" width=\"1024\" height=\"334\" src=\"http:\/\/fausac.gt\/wp-content\/uploads\/2019\/03\/Selecci\u00f3n_289-1024x334.png\" alt=\"\" class=\"wp-image-676\" srcset=\"http:\/\/fausac.gt\/wp-content\/uploads\/2019\/03\/Selecci\u00f3n_289-1024x334.png 1024w, http:\/\/fausac.gt\/wp-content\/uploads\/2019\/03\/Selecci\u00f3n_289-300x98.png 300w, http:\/\/fausac.gt\/wp-content\/uploads\/2019\/03\/Selecci\u00f3n_289-768x250.png 768w, http:\/\/fausac.gt\/wp-content\/uploads\/2019\/03\/Selecci\u00f3n_289.png 1470w\" sizes=\"(max-width: 1024px) 100vw, 1024px\" \/><\/figure>\n\n\n\n<p align=\"justify\"> La Facultad de Agronom\u00eda de la Universidad de San Carlos de Guatemala (FAUSAC) fue creada el 14 de junio de 1950, seg\u00fan acuerdo del Consejo Superior Universitario, presidido por el Rector Miguel Asturias Qui\u00f1\u00f3nez, que con el objetivo de propiciar el desarrollo socioecon\u00f3mico de Guatemala \u201cdebe crearse una Facultad de Agronom\u00eda que contribuya a ampliar el cuadro de la ense\u00f1anza cient\u00edfica que por ahora imparte la Universidad y coloque a la naci\u00f3n en la posibilidad de aprovechar en mejor forma sus recursos naturales\u201d.<br>\nLa FAUSAC se fund\u00f3 durante el per\u00edodo revolucionario de 1944-1954, en virtud de que, en esa d\u00e9cada, al impulsarse el desarrollo capitalista independiente, era necesario contar con agr\u00f3nomos de educaci\u00f3n superior, capaces de mejorar la producci\u00f3n agr\u00edcola y contribuir a la modernizaci\u00f3n de Guatemala. La primera ubicaci\u00f3n del edificio que albergaba la facultad de agronom\u00eda se situada en la 5a. Calle, entre 1a y 2a. Avenidas de la zona 1. Sus primeros directivos y profesores fueron profesionales de diferentes carreras: m\u00e9dicos y cirujanos, ingenieros civiles, qu\u00edmicos farmac\u00e9uticos y bi\u00f3logos. La primera Junta Directiva fue integrada por el Ing. Alfredo Obiols, Decano; Ing. Carlos Quezada, Secretario; Ing. Enrique Luna, Vocal I; Ing. Francisco Villep, Vocal II.<br>\nLos representantes estudiantiles fueron el capit\u00e1n de caballer\u00eda Mario Penagos y el Bachiller Otto Slowing. En 1952, por \u00f3rdenes del Decano Obiols, la FAUSAC fue trasladada al Chalet Villa Ernestina, ubicado en la Reforma, Zona 9. En ese a\u00f1o eran aproximadamente 80 estudiantes, sin embargo, la necesidad de crear laboratorios y centros de pr\u00e1cticas agr\u00edcolas oblig\u00f3 a las autoridades a tramitar el traslado al campus universitario. Ciudad Universitaria zona 12, proyecto del Rector Magn\u00edfico Carlos Mart\u00ednez Dur\u00e1n, cobij\u00f3 por primera vez a la FAUSAC en enero de 1954. <br>\nSe le asign\u00f3 el edificio que actualmente es sede del Centro de Lenguas (CALUSAC). Tiempo despu\u00e9s, obligada por su crecimiento y el desarrollo cient\u00edfico tecnol\u00f3gico, Agronom\u00eda radicaba \u00fanicamente en los edificios T-8 y T-9, contando, adem\u00e1s, con 18 hect\u00e1reas para pr\u00e1cticas agroforestales en el campus universitario y dos fincas para docencia productiva y producci\u00f3n, una en Escuintla y la otra en Suchitep\u00e9quez, activa se cuenta con UVIGER en la cual se brindan servicios de diagn\u00f3stico parasitol\u00f3gico y de suelos entre otros. Los programas acad\u00e9micos de la FAUSAC han sido modificados en diferentes momentos, a fin de adecuarlos a los cambios del desarrollo mundial, nacional y de la unidad acad\u00e9mica.<\/p>\n\n\n\n\n\n<p><\/p>\n","protected":false},"excerpt":{"rendered":"\n\t\t\t\t<div class=\"mr_social_sharing_wrapper\">\n\t\t\t\t<!-- Social Sharing Toolkit v2.2 --><span class=\"mr_social_sharing\"><fb:share-button type=\"button\" href=\"http:\/\/fausac.gt\/?page_id=52\"><\/fb:share-button><\/span><span class=\"mr_social_sharing\"><a rel=\"nofollow\" class=\"linksalpha_button linksalpha_link\" href=\"\/\/www.linksalpha.com\/social\/mobile\" data-url=\"http:\/\/fausac.gt\/?page_id=52\" data-text=\"Rese\u00f1a Hist\u00f3rica\" data-desc=\"La Facultad de Agronom\u00eda de la Universidad de San Carlos de Guatemala (FAUSAC) fue creada el 14 de junio de 1950, seg\u00fan acuerdo del Consejo Superior Universitario, presidido por el Rector Miguel Asturias Qui\u00f1\u00f3nez, que con el objetivo de propiciar el desarrollo socioecon\u00f3mico de Guatemala\" data-image=\"\" data-button=\"none\">\n\t\t\t\t\t<img src=\"\/\/www.linksalpha.com\/images\/social_share_button.png\" alt=\"Share\" class=\"linksalpha_image\" \/>\n\t\t\t\t\t<\/a><script type=\"text\/javascript\" src=\"\/\/www.linksalpha.com\/scripts\/loader_iconbox.js?v=2.4\"><\/script><\/span><\/div><p>La Facultad de Agronom\u00eda de la Universidad de San Carlos de Guatemala (FAUSAC) fue creada el 14 de junio de 1950, seg\u00fan acuerdo del Consejo Superior Universitario, presidido por el Rector Miguel Asturias Qui\u00f1\u00f3nez, que con el objetivo de propiciar el desarrollo socioecon\u00f3mico de Guatemala \u201cdebe crearse una Facultad de Agronom\u00eda que contribuya a ampliar<\/p>\n","protected":false},"author":1,"featured_media":0,"parent":0,"menu_order":0,"comment_status":"closed","ping_status":"closed","template":"page-template-full.php","meta":[],"_links":{"self":[{"href":"http:\/\/fausac.gt\/index.php?rest_route=\/wp\/v2\/pages\/52"}],"collection":[{"href":"http:\/\/fausac.gt\/index.php?rest_route=\/wp\/v2\/pages"}],"about":[{"href":"http:\/\/fausac.gt\/index.php?rest_route=\/wp\/v2\/types\/page"}],"author":[{"embeddable":true,"href":"http:\/\/fausac.gt\/index.php?rest_route=\/wp\/v2\/users\/1"}],"replies":[{"embeddable":true,"href":"http:\/\/fausac.gt\/index.php?rest_route=%2Fwp%2Fv2%2Fcomments&post=52"}],"version-history":[{"count":12,"href":"http:\/\/fausac.gt\/index.php?rest_route=\/wp\/v2\/pages\/52\/revisions"}],"predecessor-version":[{"id":698,"href":"http:\/\/fausac.gt\/index.php?rest_route=\/wp\/v2\/pages\/52\/revisions\/698"}],"wp:attachment":[{"href":"http:\/\/fausac.gt\/index.php?rest_route=%2Fwp%2Fv2%2Fmedia&parent=52"}],"curies":[{"name":"wp","href":"https:\/\/api.w.org\/{rel}","templated":true}]}}