{"id":360,"date":"2017-05-08T17:40:40","date_gmt":"2017-05-08T17:40:40","guid":{"rendered":"http:\/\/fausac.gt\/?page_id=360"},"modified":"2019-03-01T17:03:38","modified_gmt":"2019-03-01T23:03:38","slug":"servicios","status":"publish","type":"page","link":"http:\/\/fausac.gt\/?page_id=360","title":{"rendered":"Servicios"},"content":{"rendered":"\n\t\t\t\t<div class=\"mr_social_sharing_wrapper\">\n\t\t\t\t<!-- Social Sharing Toolkit v2.2 --><span class=\"mr_social_sharing\"><fb:share-button type=\"button\" href=\"http:\/\/fausac.gt\/?page_id=360\"><\/fb:share-button><\/span><span class=\"mr_social_sharing\"><a rel=\"nofollow\" class=\"linksalpha_button linksalpha_link\" href=\"\/\/www.linksalpha.com\/social\/mobile\" data-url=\"http:\/\/fausac.gt\/?page_id=360\" data-text=\"Servicios\" data-desc=\"Uviger Es la unidad encargada de desarrollar los mecanismos y estrategias de vinculaci\u00f3n de la Facultad de Agronom\u00eda con los diferentes sectores de la sociedad, a nivel nacional e internacional de establecer las relaciones para consecuci\u00f3n de recursos y coordinar la ejecuci\u00f3n de proyectos,\" data-image=\"http:\/\/fausac.gt\/wp-content\/uploads\/2019\/03\/Selecci\u00f3n_295.png\" data-button=\"none\">\n\t\t\t\t\t<img src=\"\/\/www.linksalpha.com\/images\/social_share_button.png\" alt=\"Share\" class=\"linksalpha_image\" \/>\n\t\t\t\t\t<\/a><script type=\"text\/javascript\" src=\"\/\/www.linksalpha.com\/scripts\/loader_iconbox.js?v=2.4\"><\/script><\/span><\/div><h2>Uviger<\/h2>\n<p><img decoding=\"async\" loading=\"lazy\" class=\"size-full wp-image-738 aligncenter\" src=\"http:\/\/fausac.gt\/wp-content\/uploads\/2019\/03\/Selecci\u00f3n_295.png\" alt=\"\" width=\"572\" height=\"253\" srcset=\"http:\/\/fausac.gt\/wp-content\/uploads\/2019\/03\/Selecci\u00f3n_295.png 572w, http:\/\/fausac.gt\/wp-content\/uploads\/2019\/03\/Selecci\u00f3n_295-300x133.png 300w\" sizes=\"(max-width: 572px) 100vw, 572px\" \/><\/p>\n<p align=\"justify\"><span style=\"font-family: Roboto, serif;\">Es la unidad encargada de desarrollar los mecanismos y estrategias de vinculaci\u00f3n de la Facultad de Agronom\u00eda con los diferentes sectores de la sociedad, a nivel nacional e internacional de establecer las relaciones para consecuci\u00f3n de recursos y coordinar la ejecuci\u00f3n de proyectos, elaboraci\u00f3n de cartas de entendimiento interinstitucional y gestiones de recursos.<\/span><\/p>\n<p><a href=\"http:\/\/uviger.fausac.gt\">&lt;Ver los servicios&gt;<\/a><\/p>\n","protected":false},"excerpt":{"rendered":"\n\t\t\t\t<div class=\"mr_social_sharing_wrapper\">\n\t\t\t\t<!-- Social Sharing Toolkit v2.2 --><span class=\"mr_social_sharing\"><fb:share-button type=\"button\" href=\"http:\/\/fausac.gt\/?page_id=360\"><\/fb:share-button><\/span><span class=\"mr_social_sharing\"><a rel=\"nofollow\" class=\"linksalpha_button linksalpha_link\" href=\"\/\/www.linksalpha.com\/social\/mobile\" data-url=\"http:\/\/fausac.gt\/?page_id=360\" data-text=\"Servicios\" data-desc=\"Uviger Es la unidad encargada de desarrollar los mecanismos y estrategias de vinculaci\u00f3n de la Facultad de Agronom\u00eda con los diferentes sectores de la sociedad, a nivel nacional e internacional de establecer las relaciones para consecuci\u00f3n de recursos y coordinar la ejecuci\u00f3n de proyectos,\" data-image=\"\" data-button=\"none\">\n\t\t\t\t\t<img src=\"\/\/www.linksalpha.com\/images\/social_share_button.png\" alt=\"Share\" class=\"linksalpha_image\" \/>\n\t\t\t\t\t<\/a><script type=\"text\/javascript\" src=\"\/\/www.linksalpha.com\/scripts\/loader_iconbox.js?v=2.4\"><\/script><\/span><\/div><p>Uviger Es la unidad encargada de desarrollar los mecanismos y estrategias de vinculaci\u00f3n de la Facultad de Agronom\u00eda con los diferentes sectores de la sociedad, a nivel nacional e internacional de establecer las relaciones para consecuci\u00f3n de recursos y coordinar la ejecuci\u00f3n de proyectos, elaboraci\u00f3n de cartas de entendimiento interinstitucional y gestiones de recursos. &lt;Ver<\/p>\n","protected":false},"author":1,"featured_media":0,"parent":0,"menu_order":0,"comment_status":"closed","ping_status":"closed","template":"page-template-full.php","meta":[],"_links":{"self":[{"href":"http:\/\/fausac.gt\/index.php?rest_route=\/wp\/v2\/pages\/360"}],"collection":[{"href":"http:\/\/fausac.gt\/index.php?rest_route=\/wp\/v2\/pages"}],"about":[{"href":"http:\/\/fausac.gt\/index.php?rest_route=\/wp\/v2\/types\/page"}],"author":[{"embeddable":true,"href":"http:\/\/fausac.gt\/index.php?rest_route=\/wp\/v2\/users\/1"}],"replies":[{"embeddable":true,"href":"http:\/\/fausac.gt\/index.php?rest_route=%2Fwp%2Fv2%2Fcomments&post=360"}],"version-history":[{"count":2,"href":"http:\/\/fausac.gt\/index.php?rest_route=\/wp\/v2\/pages\/360\/revisions"}],"predecessor-version":[{"id":739,"href":"http:\/\/fausac.gt\/index.php?rest_route=\/wp\/v2\/pages\/360\/revisions\/739"}],"wp:attachment":[{"href":"http:\/\/fausac.gt\/index.php?rest_route=%2Fwp%2Fv2%2Fmedia&parent=360"}],"curies":[{"name":"wp","href":"https:\/\/api.w.org\/{rel}","templated":true}]}}