{"id":314,"date":"2017-03-14T18:30:26","date_gmt":"2017-03-14T18:30:26","guid":{"rendered":"http:\/\/fausac.gt\/?page_id=314"},"modified":"2025-02-06T15:25:24","modified_gmt":"2025-02-06T21:25:24","slug":"industrias-agropecuarias-y-forestales-iiaf","status":"publish","type":"page","link":"http:\/\/fausac.gt\/?page_id=314","title":{"rendered":"INDUSTRIAS AGROPECUARIAS Y FORESTALES -IIAF-"},"content":{"rendered":"\n\t\t\t\t<div class=\"mr_social_sharing_wrapper\">\n\t\t\t\t<!-- Social Sharing Toolkit v2.2 --><span class=\"mr_social_sharing\"><fb:share-button type=\"button\" href=\"http:\/\/fausac.gt\/?page_id=314\"><\/fb:share-button><\/span><span class=\"mr_social_sharing\"><a rel=\"nofollow\" class=\"linksalpha_button linksalpha_link\" href=\"\/\/www.linksalpha.com\/social\/mobile\" data-url=\"http:\/\/fausac.gt\/?page_id=314\" data-text=\"INDUSTRIAS AGROPECUARIAS Y FORESTALES -IIAF-\" data-desc=\"Profesional con capacidad de identificarse con el desarrollo del pa\u00eds y del desarrollo rural desde la perspectiva de la interacci\u00f3n de los recursos renovables y los sistemas de producci\u00f3n agr\u00edcola, en el marco de la sostenibilidad. Al finalizar la carrera de Ingeniero(a) Agr\u00f3nomo(a) en\" data-image=\"http:\/\/fausac.gt\/wp-content\/uploads\/2019\/03\/Selecci\u00f3n_293.png\" data-button=\"none\">\n\t\t\t\t\t<img src=\"\/\/www.linksalpha.com\/images\/social_share_button.png\" alt=\"Share\" class=\"linksalpha_image\" \/>\n\t\t\t\t\t<\/a><script type=\"text\/javascript\" src=\"\/\/www.linksalpha.com\/scripts\/loader_iconbox.js?v=2.4\"><\/script><\/span><\/div><p align=\"justify\"><img decoding=\"async\" loading=\"lazy\" class=\" wp-image-718 aligncenter\" src=\"http:\/\/fausac.gt\/wp-content\/uploads\/2019\/03\/Selecci\u00f3n_293.png\" alt=\"\" width=\"266\" height=\"202\" srcset=\"http:\/\/fausac.gt\/wp-content\/uploads\/2019\/03\/Selecci\u00f3n_293.png 357w, http:\/\/fausac.gt\/wp-content\/uploads\/2019\/03\/Selecci\u00f3n_293-300x228.png 300w\" sizes=\"(max-width: 266px) 100vw, 266px\" \/><\/p>\n<p align=\"justify\"><span style=\"font-family: Roboto, serif;\">Profesional con capacidad de identificarse con el desarrollo del pa\u00eds y del desarrollo rural desde la perspectiva de la interacci\u00f3n de los recursos renovables y los sistemas de producci\u00f3n agr\u00edcola, en el marco de la sostenibilidad. <\/span><\/p>\n<p align=\"justify\"><span style=\"font-family: Roboto, serif;\">Al finalizar la carrera de Ingeniero(a) Agr\u00f3nomo(a) en Industrias Agropecuarias y Forestales IIAF, el egresado estar\u00e1 en capacidad de comprender :<\/span><\/p>\n<p align=\"justify\"><span style=\"font-family: Roboto, serif;\">Poseer\u00e1 y aplicar\u00e1 conocimientos de los campos de matem\u00e1tica, qu\u00edmica, f\u00edsica, biolog\u00eda y sus ramas conexas, en \u00e1reas de producci\u00f3n y control de calidad en los procesos y productos.<\/span><\/p>\n<p align=\"justify\"><span style=\"font-family: Roboto, serif;\">Administrar y operar plantas agroindustriales.<\/span><\/p>\n<p align=\"justify\"><span style=\"font-family: Roboto, serif;\">Transformar productos agropecuarios, forestales e hidrobiol\u00f3gicos bajo el esquema de calidad total.<\/span><\/p>\n<p align=\"justify\"><span style=\"font-family: Roboto, serif;\">Aplicar la metodolog\u00eda de la investigaci\u00f3n para generar y adaptar tecnolog\u00eda agroindustrial para el desarrollo del sector rural de Guatemala, gestionando, desarrollando y evaluando proyectos agroindustriales.<\/span><\/p>\n<p style=\"text-align: center;\">\n","protected":false},"excerpt":{"rendered":"\n\t\t\t\t<div class=\"mr_social_sharing_wrapper\">\n\t\t\t\t<!-- Social Sharing Toolkit v2.2 --><span class=\"mr_social_sharing\"><fb:share-button type=\"button\" href=\"http:\/\/fausac.gt\/?page_id=314\"><\/fb:share-button><\/span><span class=\"mr_social_sharing\"><a rel=\"nofollow\" class=\"linksalpha_button linksalpha_link\" href=\"\/\/www.linksalpha.com\/social\/mobile\" data-url=\"http:\/\/fausac.gt\/?page_id=314\" data-text=\"INDUSTRIAS AGROPECUARIAS Y FORESTALES -IIAF-\" data-desc=\"Profesional con capacidad de identificarse con el desarrollo del pa\u00eds y del desarrollo rural desde la perspectiva de la interacci\u00f3n de los recursos renovables y los sistemas de producci\u00f3n agr\u00edcola, en el marco de la sostenibilidad. Al finalizar la carrera de Ingeniero(a) Agr\u00f3nomo(a) en\" data-image=\"\" data-button=\"none\">\n\t\t\t\t\t<img src=\"\/\/www.linksalpha.com\/images\/social_share_button.png\" alt=\"Share\" class=\"linksalpha_image\" \/>\n\t\t\t\t\t<\/a><script type=\"text\/javascript\" src=\"\/\/www.linksalpha.com\/scripts\/loader_iconbox.js?v=2.4\"><\/script><\/span><\/div><p>Profesional con capacidad de identificarse con el desarrollo del pa\u00eds y del desarrollo rural desde la perspectiva de la interacci\u00f3n de los recursos renovables y los sistemas de producci\u00f3n agr\u00edcola, en el marco de la sostenibilidad. Al finalizar la carrera de Ingeniero(a) Agr\u00f3nomo(a) en Industrias Agropecuarias y Forestales IIAF, el egresado estar\u00e1 en capacidad de<\/p>\n","protected":false},"author":2,"featured_media":0,"parent":0,"menu_order":0,"comment_status":"closed","ping_status":"closed","template":"page-template-full.php","meta":[],"_links":{"self":[{"href":"http:\/\/fausac.gt\/index.php?rest_route=\/wp\/v2\/pages\/314"}],"collection":[{"href":"http:\/\/fausac.gt\/index.php?rest_route=\/wp\/v2\/pages"}],"about":[{"href":"http:\/\/fausac.gt\/index.php?rest_route=\/wp\/v2\/types\/page"}],"author":[{"embeddable":true,"href":"http:\/\/fausac.gt\/index.php?rest_route=\/wp\/v2\/users\/2"}],"replies":[{"embeddable":true,"href":"http:\/\/fausac.gt\/index.php?rest_route=%2Fwp%2Fv2%2Fcomments&post=314"}],"version-history":[{"count":7,"href":"http:\/\/fausac.gt\/index.php?rest_route=\/wp\/v2\/pages\/314\/revisions"}],"predecessor-version":[{"id":1548,"href":"http:\/\/fausac.gt\/index.php?rest_route=\/wp\/v2\/pages\/314\/revisions\/1548"}],"wp:attachment":[{"href":"http:\/\/fausac.gt\/index.php?rest_route=%2Fwp%2Fv2%2Fmedia&parent=314"}],"curies":[{"name":"wp","href":"https:\/\/api.w.org\/{rel}","templated":true}]}}