{"id":206,"date":"2016-10-25T21:34:33","date_gmt":"2016-10-25T21:34:33","guid":{"rendered":"http:\/\/fausac.gt\/?page_id=206"},"modified":"2023-10-03T15:29:22","modified_gmt":"2023-10-03T21:29:22","slug":"junta-directiva","status":"publish","type":"page","link":"http:\/\/fausac.gt\/?page_id=206","title":{"rendered":"Junta Directiva"},"content":{"rendered":"\n\t\t\t\t<div class=\"mr_social_sharing_wrapper\">\n\t\t\t\t<!-- Social Sharing Toolkit v2.2 --><span class=\"mr_social_sharing\"><fb:share-button type=\"button\" href=\"http:\/\/fausac.gt\/?page_id=206\"><\/fb:share-button><\/span><span class=\"mr_social_sharing\"><a rel=\"nofollow\" class=\"linksalpha_button linksalpha_link\" href=\"\/\/www.linksalpha.com\/social\/mobile\" data-url=\"http:\/\/fausac.gt\/?page_id=206\" data-text=\"Junta Directiva\" data-desc=\"Dr. Marvin Roberto Salguero BarahonaDECANO Dr. Marvin Roberto Salguero BarahonaVOCAL I Dra. Gricelda Lily Gutierrez AlvarezVOCAL II Ing. Agr. Jorge Mario Cabrera MadridVOCAL III Bach. Sahara Yarith M\u00e9ndez AnckermannVOCAL IV P. Admon. Yonshual Nehem\u00edas XinicoVOCAL V Ing. Agr. Arturo\" data-image=\"\" data-button=\"none\">\n\t\t\t\t\t<img src=\"\/\/www.linksalpha.com\/images\/social_share_button.png\" alt=\"Share\" class=\"linksalpha_image\" \/>\n\t\t\t\t\t<\/a><script type=\"text\/javascript\" src=\"\/\/www.linksalpha.com\/scripts\/loader_iconbox.js?v=2.4\"><\/script><\/span><\/div><p style=\"text-align: center;\"><a href=\"http:\/\/fausac.gt\/?page_id=198\">Dr. Marvin Roberto Salguero Barahona<\/a><br \/><strong>DECANO<\/strong><\/p>\n<p style=\"text-align: center;\">Dr. Marvin Roberto Salguero Barahona<br \/><strong>VOCAL I<\/strong><\/p>\n<p style=\"text-align: center;\">Dra. Gricelda Lily Gutierrez Alvarez<br \/><strong>VOCAL II<\/strong><\/p>\n<p style=\"text-align: center;\">Ing. Agr. Jorge Mario Cabrera Madrid<br \/><strong>VOCAL III<\/strong><\/p>\n<p style=\"text-align: center;\">Bach. Sahara Yarith M\u00e9ndez Anckermann<br \/><strong>VOCAL IV<\/strong><\/p>\n<p style=\"text-align: center;\">P. Admon. Yonshual Nehem\u00edas Xinico<br \/><strong>VOCAL V<\/strong><\/p>\n<p style=\"text-align: center;\">Ing. Agr. Arturo Valenzuela<br \/><strong>SECRETARIO ACAD\u00c9MICO<\/strong><\/p>\n\n\n<p><\/p>\n","protected":false},"excerpt":{"rendered":"\n\t\t\t\t<div class=\"mr_social_sharing_wrapper\">\n\t\t\t\t<!-- Social Sharing Toolkit v2.2 --><span class=\"mr_social_sharing\"><fb:share-button type=\"button\" href=\"http:\/\/fausac.gt\/?page_id=206\"><\/fb:share-button><\/span><span class=\"mr_social_sharing\"><a rel=\"nofollow\" class=\"linksalpha_button linksalpha_link\" href=\"\/\/www.linksalpha.com\/social\/mobile\" data-url=\"http:\/\/fausac.gt\/?page_id=206\" data-text=\"Junta Directiva\" data-desc=\"Dr. Marvin Roberto Salguero BarahonaDECANO Dr. Marvin Roberto Salguero BarahonaVOCAL I Dra. Gricelda Lily Gutierrez AlvarezVOCAL II Ing. Agr. Jorge Mario Cabrera MadridVOCAL III Bach. Sahara Yarith M\u00e9ndez AnckermannVOCAL IV P. Admon. Yonshual Nehem\u00edas XinicoVOCAL V Ing. Agr. Arturo\" data-image=\"\" data-button=\"none\">\n\t\t\t\t\t<img src=\"\/\/www.linksalpha.com\/images\/social_share_button.png\" alt=\"Share\" class=\"linksalpha_image\" \/>\n\t\t\t\t\t<\/a><script type=\"text\/javascript\" src=\"\/\/www.linksalpha.com\/scripts\/loader_iconbox.js?v=2.4\"><\/script><\/span><\/div><p>Dr. Marvin Roberto Salguero BarahonaDECANO Dr. Marvin Roberto Salguero BarahonaVOCAL I Dra. Gricelda Lily Gutierrez AlvarezVOCAL II Ing. Agr. Jorge Mario Cabrera MadridVOCAL III Bach. Sahara Yarith M\u00e9ndez AnckermannVOCAL IV P. Admon. Yonshual Nehem\u00edas XinicoVOCAL V Ing. Agr. Arturo ValenzuelaSECRETARIO ACAD\u00c9MICO<\/p>\n","protected":false},"author":1,"featured_media":0,"parent":0,"menu_order":0,"comment_status":"closed","ping_status":"closed","template":"","meta":[],"_links":{"self":[{"href":"http:\/\/fausac.gt\/index.php?rest_route=\/wp\/v2\/pages\/206"}],"collection":[{"href":"http:\/\/fausac.gt\/index.php?rest_route=\/wp\/v2\/pages"}],"about":[{"href":"http:\/\/fausac.gt\/index.php?rest_route=\/wp\/v2\/types\/page"}],"author":[{"embeddable":true,"href":"http:\/\/fausac.gt\/index.php?rest_route=\/wp\/v2\/users\/1"}],"replies":[{"embeddable":true,"href":"http:\/\/fausac.gt\/index.php?rest_route=%2Fwp%2Fv2%2Fcomments&post=206"}],"version-history":[{"count":7,"href":"http:\/\/fausac.gt\/index.php?rest_route=\/wp\/v2\/pages\/206\/revisions"}],"predecessor-version":[{"id":1467,"href":"http:\/\/fausac.gt\/index.php?rest_route=\/wp\/v2\/pages\/206\/revisions\/1467"}],"wp:attachment":[{"href":"http:\/\/fausac.gt\/index.php?rest_route=%2Fwp%2Fv2%2Fmedia&parent=206"}],"curies":[{"name":"wp","href":"https:\/\/api.w.org\/{rel}","templated":true}]}}