{"id":177,"date":"2016-10-25T20:32:57","date_gmt":"2016-10-25T20:32:57","guid":{"rendered":"http:\/\/fausac.gt\/?page_id=177"},"modified":"2016-10-25T20:39:47","modified_gmt":"2016-10-25T20:39:47","slug":"postgrado","status":"publish","type":"page","link":"http:\/\/fausac.gt\/?page_id=177","title":{"rendered":"Postgrado"},"content":{"rendered":"\n\t\t\t\t<div class=\"mr_social_sharing_wrapper\">\n\t\t\t\t<!-- Social Sharing Toolkit v2.2 --><span class=\"mr_social_sharing\"><fb:share-button type=\"button\" href=\"http:\/\/fausac.gt\/?page_id=177\"><\/fb:share-button><\/span><span class=\"mr_social_sharing\"><a rel=\"nofollow\" class=\"linksalpha_button linksalpha_link\" href=\"\/\/www.linksalpha.com\/social\/mobile\" data-url=\"http:\/\/fausac.gt\/?page_id=177\" data-text=\"Postgrado\" data-desc=\"Es un medio para formar recurso humano calificado con habilidades y conocimientos especializados en ramas de la ciencia y tecnolog\u00eda, para coadyuvar al desarrollo econ\u00f3mico y social de Guatemala y Centro Am\u00e9rica y contribuir al acervo del conocimiento cient\u00edfico y tecnol\u00f3gico de la humanidad en\" data-image=\"\" data-button=\"none\">\n\t\t\t\t\t<img src=\"\/\/www.linksalpha.com\/images\/social_share_button.png\" alt=\"Share\" class=\"linksalpha_image\" \/>\n\t\t\t\t\t<\/a><script type=\"text\/javascript\" src=\"\/\/www.linksalpha.com\/scripts\/loader_iconbox.js?v=2.4\"><\/script><\/span><\/div><p style=\"text-align: justify;\">Es un medio para formar recurso humano calificado con habilidades y conocimientos especializados en ramas de la ciencia y tecnolog\u00eda, para coadyuvar al desarrollo econ\u00f3mico y social de Guatemala y Centro Am\u00e9rica y contribuir al acervo del conocimiento cient\u00edfico y tecnol\u00f3gico de la humanidad en las ciencias agron\u00f3micas y los recursos naturales renovables.<\/p>\n<p style=\"text-align: justify;\">Se instituye de conformidad con los Art\u00edculos 60 y 63 de los Estatutos de la Universidad de San Carlos de Guatemala y lo preceptuado en el Reglamento del Sistema de Estudios de Postgrado, Acta 34-2000, de sesi\u00f3n del Concejo Superior Universitario del 11 de octubre del 2000.<\/p>\n<p>Para conocer m\u00e1s acerca del programa de postgrado, <a href=\"http:\/\/postgrado.fausac.gt\" target=\"_blank\">&lt;&lt;Haga click aqu\u00ed&gt;&gt;<\/a><\/p>\n","protected":false},"excerpt":{"rendered":"\n\t\t\t\t<div class=\"mr_social_sharing_wrapper\">\n\t\t\t\t<!-- Social Sharing Toolkit v2.2 --><span class=\"mr_social_sharing\"><fb:share-button type=\"button\" href=\"http:\/\/fausac.gt\/?page_id=177\"><\/fb:share-button><\/span><span class=\"mr_social_sharing\"><a rel=\"nofollow\" class=\"linksalpha_button linksalpha_link\" href=\"\/\/www.linksalpha.com\/social\/mobile\" data-url=\"http:\/\/fausac.gt\/?page_id=177\" data-text=\"Postgrado\" data-desc=\"Es un medio para formar recurso humano calificado con habilidades y conocimientos especializados en ramas de la ciencia y tecnolog\u00eda, para coadyuvar al desarrollo econ\u00f3mico y social de Guatemala y Centro Am\u00e9rica y contribuir al acervo del conocimiento cient\u00edfico y tecnol\u00f3gico de la humanidad en\" data-image=\"\" data-button=\"none\">\n\t\t\t\t\t<img src=\"\/\/www.linksalpha.com\/images\/social_share_button.png\" alt=\"Share\" class=\"linksalpha_image\" \/>\n\t\t\t\t\t<\/a><script type=\"text\/javascript\" src=\"\/\/www.linksalpha.com\/scripts\/loader_iconbox.js?v=2.4\"><\/script><\/span><\/div><p>Es un medio para formar recurso humano calificado con habilidades y conocimientos especializados en ramas de la ciencia y tecnolog\u00eda, para coadyuvar al desarrollo econ\u00f3mico y social de Guatemala y Centro Am\u00e9rica y contribuir al acervo del conocimiento cient\u00edfico y tecnol\u00f3gico de la humanidad en las ciencias agron\u00f3micas y los recursos naturales renovables. Se instituye<\/p>\n","protected":false},"author":1,"featured_media":0,"parent":0,"menu_order":0,"comment_status":"closed","ping_status":"closed","template":"page-template-full.php","meta":[],"_links":{"self":[{"href":"http:\/\/fausac.gt\/index.php?rest_route=\/wp\/v2\/pages\/177"}],"collection":[{"href":"http:\/\/fausac.gt\/index.php?rest_route=\/wp\/v2\/pages"}],"about":[{"href":"http:\/\/fausac.gt\/index.php?rest_route=\/wp\/v2\/types\/page"}],"author":[{"embeddable":true,"href":"http:\/\/fausac.gt\/index.php?rest_route=\/wp\/v2\/users\/1"}],"replies":[{"embeddable":true,"href":"http:\/\/fausac.gt\/index.php?rest_route=%2Fwp%2Fv2%2Fcomments&post=177"}],"version-history":[{"count":4,"href":"http:\/\/fausac.gt\/index.php?rest_route=\/wp\/v2\/pages\/177\/revisions"}],"predecessor-version":[{"id":182,"href":"http:\/\/fausac.gt\/index.php?rest_route=\/wp\/v2\/pages\/177\/revisions\/182"}],"wp:attachment":[{"href":"http:\/\/fausac.gt\/index.php?rest_route=%2Fwp%2Fv2%2Fmedia&parent=177"}],"curies":[{"name":"wp","href":"https:\/\/api.w.org\/{rel}","templated":true}]}}