{"id":166,"date":"2016-10-25T20:27:45","date_gmt":"2016-10-25T20:27:45","guid":{"rendered":"http:\/\/fausac.gt\/?page_id=166"},"modified":"2024-05-09T12:13:04","modified_gmt":"2024-05-09T18:13:04","slug":"normativos","status":"publish","type":"page","link":"http:\/\/fausac.gt\/?page_id=166","title":{"rendered":"Normativos"},"content":{"rendered":"\n\t\t\t\t<div class=\"mr_social_sharing_wrapper\">\n\t\t\t\t<!-- Social Sharing Toolkit v2.2 --><span class=\"mr_social_sharing\"><fb:share-button type=\"button\" href=\"http:\/\/fausac.gt\/?page_id=166\"><\/fb:share-button><\/span><span class=\"mr_social_sharing\"><a rel=\"nofollow\" class=\"linksalpha_button linksalpha_link\" href=\"\/\/www.linksalpha.com\/social\/mobile\" data-url=\"http:\/\/fausac.gt\/?page_id=166\" data-text=\"Normativos\" data-desc=\"Normativo de Evaluaci\u00f3n y Promoci\u00f3n Estudiantil Normativo del Ejercicio Profesional Supervisado Normativo de Instituto de Investigaciones Agron\u00f3micas -IIA Normativo de Tesis de Grado Normativo del Programa Extraordinario de Graduaci\u00f3n Normativo de Escuela de Vacaciones Normativo de Ex\u00e1menes de\" data-image=\"\" data-button=\"none\">\n\t\t\t\t\t<img src=\"\/\/www.linksalpha.com\/images\/social_share_button.png\" alt=\"Share\" class=\"linksalpha_image\" \/>\n\t\t\t\t\t<\/a><script type=\"text\/javascript\" src=\"\/\/www.linksalpha.com\/scripts\/loader_iconbox.js?v=2.4\"><\/script><\/span><\/div><ul>\n<li><a href=\"http:\/\/fausac.gt\/wp-content\/uploads\/2016\/10\/01-Normativo-de-Evaluaci\u00f3n-y-Promoci\u00f3n-Estudiantil-01.pdf\" target=\"blank\" rel=\"noopener\">Normativo de Evaluaci\u00f3n y Promoci\u00f3n Estudiantil<\/a><\/li>\n<li><a href=\"http:\/\/fausac.gt\/wp-content\/uploads\/2024\/05\/NORMATIVO-DEL-EPSA-final.pdf\" target=\"_blank\" rel=\"noopener\">Normativo del Ejercicio Profesional Supervisado<\/a><\/li>\n<li><a href=\"http:\/\/fausac.gt\/wp-content\/uploads\/2016\/10\/03-NORMATIVO-DEL-INSTITUTO-DE-INVESTIGACIONES.pdf\" target=\"blank\" rel=\"noopener\">Normativo de Instituto de Investigaciones Agron\u00f3micas -IIA<\/a><\/li>\n<li><a href=\"http:\/\/fausac.gt\/wp-content\/uploads\/2016\/10\/04-NORMATIVO-PARA-LA-REALIZACI\u00d3N-DE-LA-TESIS-DE-GRADO.pdf\" target=\"blank\" rel=\"noopener\">Normativo de Tesis de Grado<\/a><\/li>\n<li><a href=\"http:\/\/fausac.gt\/wp-content\/uploads\/2016\/10\/05-NORMATIVO-DEL-PROGRAMA-EXTRAORDINARIO-PARA.pdf\">Normativo del Programa Extraordinario de Graduaci\u00f3n<\/a><\/li>\n<li><a href=\"http:\/\/fausac.gt\/wp-content\/uploads\/2024\/03\/VERSION-FINAL-Noviembre-2023-Normativo-de-escuela-FAUSAC-punto-JD-OK.pdf\" target=\"blank\" rel=\"noopener\">Normativo de Escuela de Vacaciones<\/a><\/li>\n<li><a href=\"http:\/\/fausac.gt\/wp-content\/uploads\/2016\/10\/07-NORMATIVO-DE-EX\u00c1MENES-POR-SUFICIENCIA.pdf\" target=\"blank\" rel=\"noopener\">Normativo de Ex\u00e1menes de Suficiencia<\/a><\/li>\n<li><a href=\"http:\/\/fausac.gt\/wp-content\/uploads\/2016\/10\/08-NORMATIVO-problema-Especial-Plan-98.pdf\" target=\"blank\" rel=\"noopener\">Normativo de actividades Acad\u00e9micas Problema Especial y Seminario<\/a><\/li>\n<li><a href=\"http:\/\/fausac.gt\/wp-content\/uploads\/2016\/10\/09-NORMATIVO-DE-CR\u00c9DITOS-ACAD\u00c9MICOS-POR.pdf\" target=\"blank\" rel=\"noopener\">Normativo de Cr\u00e9ditos Acad\u00e9micos por Participaci\u00f3n Deportiva, Cultural y Social<\/a><\/li>\n<li><a href=\"http:\/\/fausac.gt\/wp-content\/uploads\/2016\/10\/10-NORMATIVO-DE-LAS-GIRAS-DE-ESTUDIO.pdf\" target=\"blank\" rel=\"noopener\">Normativo de Giras de Estudio<\/a><\/li>\n<li><a href=\"http:\/\/fausac.gt\/wp-content\/uploads\/2016\/10\/11-NORMATIVO-MENCI\u00d3N-HONOR\u00cdFICA.pdf\" target=\"blank\" rel=\"noopener\">Normativo de Menciones Honor\u00edficas<\/a><\/li>\n<li><a href=\"http:\/\/fausac.gt\/wp-content\/uploads\/2016\/10\/12-NORMATIVO-DE-ESTUDIOS-DE-POSTGRADO-EN-LA-FACULTAD-DE-AGRONOM\u00cdA.pdf\" target=\"blank\" rel=\"noopener\">Normativo de Estudios de Postgrado<\/a><\/li>\n<li><a href=\"http:\/\/fausac.gt\/wp-content\/uploads\/2016\/10\/13-NORMATIVO-PARA-LA-REALIZACION-DEL-TRABAJO-DE-TESIS-POSTGRAFO.pdf\" target=\"blank\" rel=\"noopener\">Normativo de Tesis de Postgrado<\/a><\/li>\n<li><a href=\"http:\/\/fausac.gt\/wp-content\/uploads\/2016\/10\/14-NORMATIVO-DEL-PROGRAMA-DE-EDUCACI\u00d3N-CONT\u00cdNUA-DE-LA-FACULTAD-DE-AGRONOMIA-DE-LA.pdf\" target=\"blank\" rel=\"noopener\">Normativo de Educaci\u00f3n Continua<\/a><\/li>\n<li><a href=\"http:\/\/fausac.gt\/wp-content\/uploads\/2016\/10\/15-NORMATIVO-DE-BECAS-DEL-PERSONAL-DOCENTE.pdf\" target=\"blank\" rel=\"noopener\">Normativo de Becas para el Personal Docente<\/a><\/li>\n<li><a href=\"http:\/\/fausac.gt\/wp-content\/uploads\/2016\/10\/16-NORMATIVO-DE-LA-UNIDAD-DE-UPDEA.pdf\" target=\"blank\" rel=\"noopener\">Normativo de la Unidad de Planificaci\u00f3n y Desarrollo Educativo de Agronom\u00eda -UPDEA<\/a><\/li>\n<li><a href=\"http:\/\/fausac.gt\/wp-content\/uploads\/2016\/10\/17-NORMATIVO-DEL-CENTRO-DE-TELEM\u00c1TICA-DE-LA-FACULTAD-DE-AGRONOM\u00cdA.pdf\" target=\"blank\" rel=\"noopener\">Normativo del Centro de Telem\u00e1tica -CETE<\/a><\/li>\n<li><a href=\"http:\/\/fausac.gt\/wp-content\/uploads\/2016\/10\/18-NORMATIVO-DE-FUNCIONAMIENTO-USIG.pdf\" target=\"blank\" rel=\"noopener\">Normativo de la Unidad de Sistemas de Informaci\u00f3n Geongr\u00e1fica -USIG<\/a><\/li>\n<li><a href=\"http:\/\/fausac.gt\/wp-content\/uploads\/2016\/10\/19-NORMATIVO-PARA-EL-USO-DE-VEH\u00cdCULOS-DE.pdf\" target=\"blank\" rel=\"noopener\">Normativo para el uso de Veh\u00edculos<\/a><\/li>\n<li><a href=\"http:\/\/fausac.gt\/wp-content\/uploads\/2016\/10\/20-NORMATIVO-DE-ALQUILER-Y-SERVICIO-DE-TOGAS.pdf\" target=\"blank\" rel=\"noopener\">Normativo para el Uso de Togas<\/a><\/li>\n<li><a href=\"http:\/\/fausac.gt\/wp-content\/uploads\/2016\/10\/21-NORMATIVO-DE-GASTOS-DE-REPRESENTACI\u00d3N.pdf\" target=\"_blank\" rel=\"noopener\">Normativo de Vi\u00e1ticos y Gastos Conexos<\/a><\/li>\n<li><a href=\"http:\/\/fausac.gt\/wp-content\/uploads\/2016\/10\/22-REGLAMENTO-INTERNO-DE-JUNTA-DIRECTIVA.pdf\" target=\"_blank\" rel=\"noopener\">Normativo Interno de Junta Directiva<\/a><\/li>\n<li><a href=\"http:\/\/fausac.gt\/wp-content\/uploads\/2016\/10\/23-NORMATIVO-DE-SABANA-GRANDE.pdf\" target=\"blank\" rel=\"noopener\">Normativo del Centro Recreativo de la USAC<\/a><\/li>\n<li><a href=\"http:\/\/fausac.gt\/wp-content\/uploads\/2021\/01\/Punto-OCTAVO-inciso-8.1-del-Acta-32-2020.pdf\" target=\"_blank\" rel=\"noopener\">Normativo de Evaluaci\u00f3n Terminal<\/a><\/li>\n<li><a href=\"http:\/\/fausac.gt\/wp-content\/uploads\/2021\/07\/Opciones-de-graduacion.pdf\">Normativo de Opciones de Graduaci\u00f3n<\/a><\/li>\n<li><a href=\"http:\/\/fausac.gt\/wp-content\/uploads\/2022\/09\/NORMATIVO-DE-CREDITOS-EXTRACURRICULARES-DE-LA-FACULTAD-DE-AGRONOMIA.pdf\">Normativo de Cr\u00e9ditos Extracurriculares<\/a><\/li>\n<\/ul>\n\n\n<p><\/p>\n","protected":false},"excerpt":{"rendered":"\n\t\t\t\t<div class=\"mr_social_sharing_wrapper\">\n\t\t\t\t<!-- Social Sharing Toolkit v2.2 --><span class=\"mr_social_sharing\"><fb:share-button type=\"button\" href=\"http:\/\/fausac.gt\/?page_id=166\"><\/fb:share-button><\/span><span class=\"mr_social_sharing\"><a rel=\"nofollow\" class=\"linksalpha_button linksalpha_link\" href=\"\/\/www.linksalpha.com\/social\/mobile\" data-url=\"http:\/\/fausac.gt\/?page_id=166\" data-text=\"Normativos\" data-desc=\"Normativo de Evaluaci\u00f3n y Promoci\u00f3n Estudiantil Normativo del Ejercicio Profesional Supervisado Normativo de Instituto de Investigaciones Agron\u00f3micas -IIA Normativo de Tesis de Grado Normativo del Programa Extraordinario de Graduaci\u00f3n Normativo de Escuela de Vacaciones Normativo de Ex\u00e1menes de\" data-image=\"\" data-button=\"none\">\n\t\t\t\t\t<img src=\"\/\/www.linksalpha.com\/images\/social_share_button.png\" alt=\"Share\" class=\"linksalpha_image\" \/>\n\t\t\t\t\t<\/a><script type=\"text\/javascript\" src=\"\/\/www.linksalpha.com\/scripts\/loader_iconbox.js?v=2.4\"><\/script><\/span><\/div><p>Normativo de Evaluaci\u00f3n y Promoci\u00f3n Estudiantil Normativo del Ejercicio Profesional Supervisado Normativo de Instituto de Investigaciones Agron\u00f3micas -IIA Normativo de Tesis de Grado Normativo del Programa Extraordinario de Graduaci\u00f3n Normativo de Escuela de Vacaciones Normativo de Ex\u00e1menes de Suficiencia Normativo de actividades Acad\u00e9micas Problema Especial y Seminario Normativo de Cr\u00e9ditos Acad\u00e9micos por Participaci\u00f3n Deportiva, Cultural<\/p>\n","protected":false},"author":1,"featured_media":0,"parent":0,"menu_order":0,"comment_status":"closed","ping_status":"closed","template":"page-template-full.php","meta":[],"_links":{"self":[{"href":"http:\/\/fausac.gt\/index.php?rest_route=\/wp\/v2\/pages\/166"}],"collection":[{"href":"http:\/\/fausac.gt\/index.php?rest_route=\/wp\/v2\/pages"}],"about":[{"href":"http:\/\/fausac.gt\/index.php?rest_route=\/wp\/v2\/types\/page"}],"author":[{"embeddable":true,"href":"http:\/\/fausac.gt\/index.php?rest_route=\/wp\/v2\/users\/1"}],"replies":[{"embeddable":true,"href":"http:\/\/fausac.gt\/index.php?rest_route=%2Fwp%2Fv2%2Fcomments&post=166"}],"version-history":[{"count":14,"href":"http:\/\/fausac.gt\/index.php?rest_route=\/wp\/v2\/pages\/166\/revisions"}],"predecessor-version":[{"id":1506,"href":"http:\/\/fausac.gt\/index.php?rest_route=\/wp\/v2\/pages\/166\/revisions\/1506"}],"wp:attachment":[{"href":"http:\/\/fausac.gt\/index.php?rest_route=%2Fwp%2Fv2%2Fmedia&parent=166"}],"curies":[{"name":"wp","href":"https:\/\/api.w.org\/{rel}","templated":true}]}}