{"id":158,"date":"2016-10-25T20:09:56","date_gmt":"2016-10-25T20:09:56","guid":{"rendered":"http:\/\/fausac.gt\/?page_id=158"},"modified":"2019-03-01T16:40:47","modified_gmt":"2019-03-01T22:40:47","slug":"iia","status":"publish","type":"page","link":"http:\/\/fausac.gt\/?page_id=158","title":{"rendered":"IIA"},"content":{"rendered":"\n\t\t\t\t<div class=\"mr_social_sharing_wrapper\">\n\t\t\t\t<!-- Social Sharing Toolkit v2.2 --><span class=\"mr_social_sharing\"><fb:share-button type=\"button\" href=\"http:\/\/fausac.gt\/?page_id=158\"><\/fb:share-button><\/span><span class=\"mr_social_sharing\"><a rel=\"nofollow\" class=\"linksalpha_button linksalpha_link\" href=\"\/\/www.linksalpha.com\/social\/mobile\" data-url=\"http:\/\/fausac.gt\/?page_id=158\" data-text=\"IIA\" data-desc=\"Es la estructura administrativa de la facultad de agronom\u00eda es la responsable de promover, organizar, dirigir, coordinar, dar seguimiento y evaluar la actividad investigativa en esta unidad acad\u00e9mica. La labor del IIA est\u00e1 orientada por las siguientes pol\u00edticas: An\u00e1lisis reflexivo y permanente\" data-image=\"\" data-button=\"none\">\n\t\t\t\t\t<img src=\"\/\/www.linksalpha.com\/images\/social_share_button.png\" alt=\"Share\" class=\"linksalpha_image\" \/>\n\t\t\t\t\t<\/a><script type=\"text\/javascript\" src=\"\/\/www.linksalpha.com\/scripts\/loader_iconbox.js?v=2.4\"><\/script><\/span><\/div><p><span style=\"font-family: Roboto, serif;\">Es la estructura administrativa de la facultad de agronom\u00eda es la responsable de promover, organizar, dirigir, coordinar, dar seguimiento y evaluar la actividad investigativa en esta unidad acad\u00e9mica. La labor del IIA est\u00e1 orientada por las siguientes pol\u00edticas:<\/span><\/p>\n<ul>\n<li>An\u00e1lisis reflexivo y permanente de la realidad nacional en materia de: Desarrollo Rural, Sistemas de Producci\u00f3n Agr\u00edcola, Recursos Naturales Renovables y del Ambiente como marco fundamental para elaborar propuestas de investigaci\u00f3n (qu\u00e9).<\/li>\n<li>Vinculaci\u00f3n permanente entre Investigaci\u00f3n, Docencia, Extensi\u00f3n y servicios (C\u00f3mo).<\/li>\n<li>B\u00fasqueda permanente de los recursos para ejecutar propuestas de investigaci\u00f3n b\u00e1sica, aplicada y participativa para la soluci\u00f3n de los problemas en materia de Desarrollo Rural, Producci\u00f3n Agr\u00edcola, Recursos Naturales Renovables y Ambiente (Con qu\u00e9 y para qu\u00e9).<\/li>\n<\/ul>\n<p>para conocer m\u00e1s acerca de IIA, <a href=\"http:\/\/iia.fausac.gt\" target=\"blank\" rel=\"noopener noreferrer\">&lt;&lt;haga clic aqu\u00ed&gt;&gt;<\/a><\/p>\n","protected":false},"excerpt":{"rendered":"\n\t\t\t\t<div class=\"mr_social_sharing_wrapper\">\n\t\t\t\t<!-- Social Sharing Toolkit v2.2 --><span class=\"mr_social_sharing\"><fb:share-button type=\"button\" href=\"http:\/\/fausac.gt\/?page_id=158\"><\/fb:share-button><\/span><span class=\"mr_social_sharing\"><a rel=\"nofollow\" class=\"linksalpha_button linksalpha_link\" href=\"\/\/www.linksalpha.com\/social\/mobile\" data-url=\"http:\/\/fausac.gt\/?page_id=158\" data-text=\"IIA\" data-desc=\"Es la estructura administrativa de la facultad de agronom\u00eda es la responsable de promover, organizar, dirigir, coordinar, dar seguimiento y evaluar la actividad investigativa en esta unidad acad\u00e9mica. La labor del IIA est\u00e1 orientada por las siguientes pol\u00edticas: An\u00e1lisis reflexivo y permanente\" data-image=\"\" data-button=\"none\">\n\t\t\t\t\t<img src=\"\/\/www.linksalpha.com\/images\/social_share_button.png\" alt=\"Share\" class=\"linksalpha_image\" \/>\n\t\t\t\t\t<\/a><script type=\"text\/javascript\" src=\"\/\/www.linksalpha.com\/scripts\/loader_iconbox.js?v=2.4\"><\/script><\/span><\/div><p>Es la estructura administrativa de la facultad de agronom\u00eda es la responsable de promover, organizar, dirigir, coordinar, dar seguimiento y evaluar la actividad investigativa en esta unidad acad\u00e9mica. La labor del IIA est\u00e1 orientada por las siguientes pol\u00edticas: An\u00e1lisis reflexivo y permanente de la realidad nacional en materia de: Desarrollo Rural, Sistemas de Producci\u00f3n Agr\u00edcola,<\/p>\n","protected":false},"author":1,"featured_media":0,"parent":0,"menu_order":0,"comment_status":"closed","ping_status":"closed","template":"","meta":[],"_links":{"self":[{"href":"http:\/\/fausac.gt\/index.php?rest_route=\/wp\/v2\/pages\/158"}],"collection":[{"href":"http:\/\/fausac.gt\/index.php?rest_route=\/wp\/v2\/pages"}],"about":[{"href":"http:\/\/fausac.gt\/index.php?rest_route=\/wp\/v2\/types\/page"}],"author":[{"embeddable":true,"href":"http:\/\/fausac.gt\/index.php?rest_route=\/wp\/v2\/users\/1"}],"replies":[{"embeddable":true,"href":"http:\/\/fausac.gt\/index.php?rest_route=%2Fwp%2Fv2%2Fcomments&post=158"}],"version-history":[{"count":3,"href":"http:\/\/fausac.gt\/index.php?rest_route=\/wp\/v2\/pages\/158\/revisions"}],"predecessor-version":[{"id":712,"href":"http:\/\/fausac.gt\/index.php?rest_route=\/wp\/v2\/pages\/158\/revisions\/712"}],"wp:attachment":[{"href":"http:\/\/fausac.gt\/index.php?rest_route=%2Fwp%2Fv2%2Fmedia&parent=158"}],"curies":[{"name":"wp","href":"https:\/\/api.w.org\/{rel}","templated":true}]}}