{"id":117,"date":"2016-09-12T20:16:12","date_gmt":"2016-09-12T20:16:12","guid":{"rendered":"http:\/\/fausac.gt\/?page_id=117"},"modified":"2025-02-06T15:25:55","modified_gmt":"2025-02-06T21:25:55","slug":"recursos-naturales-renovables","status":"publish","type":"page","link":"http:\/\/fausac.gt\/?page_id=117","title":{"rendered":"Recursos Naturales Renovables"},"content":{"rendered":"\n\t\t\t\t<div class=\"mr_social_sharing_wrapper\">\n\t\t\t\t<!-- Social Sharing Toolkit v2.2 --><span class=\"mr_social_sharing\"><fb:share-button type=\"button\" href=\"http:\/\/fausac.gt\/?page_id=117\"><\/fb:share-button><\/span><span class=\"mr_social_sharing\"><a rel=\"nofollow\" class=\"linksalpha_button linksalpha_link\" href=\"\/\/www.linksalpha.com\/social\/mobile\" data-url=\"http:\/\/fausac.gt\/?page_id=117\" data-text=\"Recursos Naturales Renovables\" data-desc=\"Profesional con capaciad de conciencia de la necesidad de la conservaci\u00f3n del ambiente y de aplicar conocimientos para evitar el impacto global negativo de las actividades productivas en los recursos naturales renovables. Al finalizar la carrera de Ingeniero(a) Agr\u00f3nomo(a) en Recursos Naturales\" data-image=\"http:\/\/fausac.gt\/wp-content\/uploads\/2019\/03\/Selecci\u00f3n_292.png\" data-button=\"none\">\n\t\t\t\t\t<img src=\"\/\/www.linksalpha.com\/images\/social_share_button.png\" alt=\"Share\" class=\"linksalpha_image\" \/>\n\t\t\t\t\t<\/a><script type=\"text\/javascript\" src=\"\/\/www.linksalpha.com\/scripts\/loader_iconbox.js?v=2.4\"><\/script><\/span><\/div><p align=\"justify\"><img decoding=\"async\" loading=\"lazy\" class=\"size-full wp-image-715 aligncenter\" src=\"http:\/\/fausac.gt\/wp-content\/uploads\/2019\/03\/Selecci\u00f3n_292.png\" alt=\"\" width=\"349\" height=\"236\" srcset=\"http:\/\/fausac.gt\/wp-content\/uploads\/2019\/03\/Selecci\u00f3n_292.png 349w, http:\/\/fausac.gt\/wp-content\/uploads\/2019\/03\/Selecci\u00f3n_292-300x203.png 300w\" sizes=\"(max-width: 349px) 100vw, 349px\" \/><\/p>\n<p align=\"justify\"><span style=\"font-family: Roboto, serif;\">Profesional con capaciad de conciencia de la necesidad de la conservaci\u00f3n del ambiente y de aplicar conocimientos para evitar el impacto global negativo de las actividades productivas en los recursos naturales renovables. Al finalizar la carrera de Ingeniero(a) Agr\u00f3nomo(a) en Recursos Naturales Renovables RNR, el egresado estar\u00e1 en capacidad de comprender y utilizar conocimientos de las ciencias biol\u00f3gicas, qu\u00edmicas, f\u00edsicas, matem\u00e1ticas y sociales, aplicados a la comprensi\u00f3n de fen\u00f3menos relacionados con los Recursos Naturales Renovables y proponer soluciones a la problem\u00e1tica actual y futura en los campos de los recursos naturales, mediante el desarrollo de tecnolog\u00eda aplicada, la comprensi\u00f3n de la relaci\u00f3n entre el medio ambiente y la optimizaci\u00f3n de los recursos disponibles, para ello se apoyar\u00e1 en los principios de la investigaci\u00f3n y la extensi\u00f3n de los conocimientos adquiridos. Ejecuta t\u00e9cnicas de administraci\u00f3n en el uso y manejo de los recursos naturales renovables, que permiten mejorar la eficiencia gerencial.<\/span><\/p>\n<p align=\"justify\"><span style=\"font-family: Roboto, serif;\">Optimizar el uso de los recursos disponibles y aprovechar las oportunidades de desarrollo existentes, con el fin de obtener beneficio econ\u00f3mico y social, compatible con el desarrollo sostenible. Posee una formaci\u00f3n humanista para una cultura de convivencia solidaria y democr\u00e1tica. Tambi\u00e9n elabora planes integrales de manejo de los recursos naturales renovables, en los niveles de unidad productiva, cuenca hidrogr\u00e1fica, pa\u00eds y regi\u00f3n entre otros.<\/span><\/p>\n","protected":false},"excerpt":{"rendered":"\n\t\t\t\t<div class=\"mr_social_sharing_wrapper\">\n\t\t\t\t<!-- Social Sharing Toolkit v2.2 --><span class=\"mr_social_sharing\"><fb:share-button type=\"button\" href=\"http:\/\/fausac.gt\/?page_id=117\"><\/fb:share-button><\/span><span class=\"mr_social_sharing\"><a rel=\"nofollow\" class=\"linksalpha_button linksalpha_link\" href=\"\/\/www.linksalpha.com\/social\/mobile\" data-url=\"http:\/\/fausac.gt\/?page_id=117\" data-text=\"Recursos Naturales Renovables\" data-desc=\"Profesional con capaciad de conciencia de la necesidad de la conservaci\u00f3n del ambiente y de aplicar conocimientos para evitar el impacto global negativo de las actividades productivas en los recursos naturales renovables. Al finalizar la carrera de Ingeniero(a) Agr\u00f3nomo(a) en Recursos Naturales\" data-image=\"\" data-button=\"none\">\n\t\t\t\t\t<img src=\"\/\/www.linksalpha.com\/images\/social_share_button.png\" alt=\"Share\" class=\"linksalpha_image\" \/>\n\t\t\t\t\t<\/a><script type=\"text\/javascript\" src=\"\/\/www.linksalpha.com\/scripts\/loader_iconbox.js?v=2.4\"><\/script><\/span><\/div><p>Profesional con capaciad de conciencia de la necesidad de la conservaci\u00f3n del ambiente y de aplicar conocimientos para evitar el impacto global negativo de las actividades productivas en los recursos naturales renovables. Al finalizar la carrera de Ingeniero(a) Agr\u00f3nomo(a) en Recursos Naturales Renovables RNR, el egresado estar\u00e1 en capacidad de comprender y utilizar conocimientos de<\/p>\n","protected":false},"author":2,"featured_media":0,"parent":0,"menu_order":0,"comment_status":"closed","ping_status":"closed","template":"page-template-full.php","meta":[],"_links":{"self":[{"href":"http:\/\/fausac.gt\/index.php?rest_route=\/wp\/v2\/pages\/117"}],"collection":[{"href":"http:\/\/fausac.gt\/index.php?rest_route=\/wp\/v2\/pages"}],"about":[{"href":"http:\/\/fausac.gt\/index.php?rest_route=\/wp\/v2\/types\/page"}],"author":[{"embeddable":true,"href":"http:\/\/fausac.gt\/index.php?rest_route=\/wp\/v2\/users\/2"}],"replies":[{"embeddable":true,"href":"http:\/\/fausac.gt\/index.php?rest_route=%2Fwp%2Fv2%2Fcomments&post=117"}],"version-history":[{"count":8,"href":"http:\/\/fausac.gt\/index.php?rest_route=\/wp\/v2\/pages\/117\/revisions"}],"predecessor-version":[{"id":1549,"href":"http:\/\/fausac.gt\/index.php?rest_route=\/wp\/v2\/pages\/117\/revisions\/1549"}],"wp:attachment":[{"href":"http:\/\/fausac.gt\/index.php?rest_route=%2Fwp%2Fv2%2Fmedia&parent=117"}],"curies":[{"name":"wp","href":"https:\/\/api.w.org\/{rel}","templated":true}]}}